



{"id":3558,"date":"2024-07-23T19:23:00","date_gmt":"2024-07-23T22:23:00","guid":{"rendered":"https:\/\/ilusaosk8.com.br\/?page_id=3558"},"modified":"2024-09-05T13:49:17","modified_gmt":"2024-09-05T16:49:17","slug":"trocas-e-devolucoes","status":"publish","type":"page","link":"https:\/\/ilusaosk8.com.br\/index.php\/trocas-e-devolucoes\/","title":{"rendered":"Trocas e Devolu\u00e7\u00f5es"},"content":{"rendered":"\t\t<div data-elementor-type=\"wp-page\" data-elementor-id=\"3558\" class=\"elementor elementor-3558\" data-elementor-post-type=\"page\">\n\t\t\t\t\t\t<section class=\"elementor-section elementor-top-section elementor-element elementor-element-4863f7c elementor-section-boxed elementor-section-height-default elementor-section-height-default\" data-id=\"4863f7c\" data-element_type=\"section\" data-e-type=\"section\">\n\t\t\t\t\t\t<div class=\"elementor-container elementor-column-gap-default\">\n\t\t\t\t\t<div class=\"elementor-column elementor-col-100 elementor-top-column elementor-element elementor-element-060768d\" data-id=\"060768d\" data-element_type=\"column\" data-e-type=\"column\" data-settings=\"{&quot;background_background&quot;:&quot;classic&quot;}\">\n\t\t\t<div class=\"elementor-widget-wrap elementor-element-populated\">\n\t\t\t\t\t\t<div class=\"elementor-element elementor-element-944cca9 elementor-widget__width-initial elementor-widget elementor-widget-text-editor\" data-id=\"944cca9\" data-element_type=\"widget\" data-e-type=\"widget\" data-widget_type=\"text-editor.default\">\n\t\t\t\t<div class=\"elementor-widget-container\">\n\t\t\t\t\t\t\t\t\t<h3><strong><br><\/strong><\/h3><h3><strong>TROCAS E DEVOLU\u00c7\u00d5ES<\/strong><\/h3>\n<p>A <strong>ILUS\u00c3O SKATEWEAR<\/strong> \u00e9 uma marca comprometida com a satisfa\u00e7\u00e3o total de seus clientes e segue uma <strong>POL\u00cdTICA DE TROCAS E DEVOLU\u00c7\u00d5ES<\/strong> amparada no C\u00f3digo de Defesa do Consumidor.<\/p>\n<p>Os produtos comprados na <strong>ILUS\u00c3O SKATEWEAR<\/strong> dever\u00e3o ser encaminhados na embalagem original, sem ind\u00edcios de uso e acompanhado de todos os seus acess\u00f3rios. O processo \u00e9 muito simples e estamos \u00e0 disposi\u00e7\u00e3o para auxiliar voc\u00ea.<\/p>\n<p><strong>PROCEDIMENTO E PRAZOS<\/strong><\/p>\n<p>Entre em contato atrav\u00e9s do nosso whatsapp&nbsp;(11) 98590-8811&nbsp;informando seus dados e o motivo da troca ou devolu\u00e7\u00e3o.<\/p>\n<p>Voc\u00ea vai receber um c\u00f3digo de envio que dever\u00e1 ser comunicado nos Correios no momento da postagem.<\/p>\n<p>Embale os produtos e leve at\u00e9 uma ag\u00eancia dos Correios.<\/p>\n<p>A troca do produto ou a devolu\u00e7\u00e3o do valor pago somente ser\u00e1 feita ap\u00f3s a chegada e confer\u00eancia.<\/p>\n<p><strong>N\u00c3O TROCAMOS OU DEVOLVEMOS O VALOR DOS PRODUTOS QUE ESTIVEREM USADOS OU DANIFICADOS POR CONTA DO COMPRADOR.<\/strong><\/p>\n<p>A primeira troca \u00e9 por nossa conta. Se houver necessidade de uma segunda troca, o valor da postagem ficar\u00e1 por conta do comprador.<\/p>\n<p>Para devolver um produto por desist\u00eancia da compra,&nbsp;voc\u00ea deve observando as seguintes condi\u00e7\u00f5es: O prazo para desistir da compra do produto \u00e9 de at\u00e9 07 dias corridos, a contar da data do recebimento.&nbsp;<\/p>\n<p>O prazo m\u00e1ximo para troca \u00e9 de 30 dias da data de recebimento.<\/p>\n<p><strong>CART\u00c3O DE CR\u00c9DITO<\/strong><\/p>\n<p>O estorno poder\u00e1 ocorrer em at\u00e9 2 faturas subsequentes. Este procedimento \u00e9 de responsabilidade da administradora do cart\u00e3o de cr\u00e9dito utilizado.<\/p>\n<p><strong>BOLETO BANC\u00c1RIO E PIX<\/strong><\/p>\n<p>O estorno ser\u00e1 feito na conta corrente indicada pelo cliente,&nbsp;em at\u00e9 7 dias&nbsp;\u00fateis. \u00c9 necess\u00e1rio que o CPF do titular da conta corrente seja o mesmo que efetuou o pedido (CPF do cliente), ou seja, n\u00e3o ser\u00e1 concedido cr\u00e9dito a terceiros.<\/p>\n<p>Se voc\u00ea tem alguma outra d\u00favida,&nbsp;entre em contato conosco que tentaremos resolver o seu problema da melhor forma poss\u00edvel.<\/p>\t\t\t\t\t\t\t\t<\/div>\n\t\t\t\t<\/div>\n\t\t\t\t\t<\/div>\n\t\t<\/div>\n\t\t\t\t\t<\/div>\n\t\t<\/section>\n\t\t\t\t<\/div>\n\t\t","protected":false},"excerpt":{"rendered":"<p>TROCAS E DEVOLU\u00c7\u00d5ES A ILUS\u00c3O SKATEWEAR \u00e9 uma marca comprometida com a satisfa\u00e7\u00e3o total de seus clientes e segue uma POL\u00cdTICA DE TROCAS E DEVOLU\u00c7\u00d5ES amparada no C\u00f3digo de Defesa do Consumidor. Os produtos comprados na ILUS\u00c3O SKATEWEAR dever\u00e3o ser encaminhados na embalagem original, sem ind\u00edcios de uso e acompanhado de todos os seus acess\u00f3rios. [&hellip;]<\/p>\n","protected":false},"author":1,"featured_media":0,"parent":0,"menu_order":0,"comment_status":"closed","ping_status":"closed","template":"","meta":{"om_disable_all_campaigns":false,"_monsterinsights_skip_tracking":false,"_monsterinsights_sitenote_active":false,"_monsterinsights_sitenote_note":"","_monsterinsights_sitenote_category":0,"site-sidebar-layout":"no-sidebar","site-content-layout":"page-builder","ast-site-content-layout":"full-width-container","site-content-style":"default","site-sidebar-style":"default","ast-global-header-display":"","ast-banner-title-visibility":"","ast-main-header-display":"","ast-hfb-above-header-display":"","ast-hfb-below-header-display":"","ast-hfb-mobile-header-display":"","site-post-title":"disabled","ast-breadcrumbs-content":"","ast-featured-img":"disabled","footer-sml-layout":"","ast-disable-related-posts":"","theme-transparent-header-meta":"","adv-header-id-meta":"","stick-header-meta":"","header-above-stick-meta":"","header-main-stick-meta":"","header-below-stick-meta":"","astra-migrate-meta-layouts":"set","ast-page-background-enabled":"default","ast-page-background-meta":{"desktop":{"background-color":"","background-image":"","background-repeat":"repeat","background-position":"center center","background-size":"auto","background-attachment":"scroll","background-type":"","background-media":"","overlay-type":"","overlay-color":"","overlay-opacity":"","overlay-gradient":""},"tablet":{"background-color":"","background-image":"","background-repeat":"repeat","background-position":"center center","background-size":"auto","background-attachment":"scroll","background-type":"","background-media":"","overlay-type":"","overlay-color":"","overlay-opacity":"","overlay-gradient":""},"mobile":{"background-color":"","background-image":"","background-repeat":"repeat","background-position":"center center","background-size":"auto","background-attachment":"scroll","background-type":"","background-media":"","overlay-type":"","overlay-color":"","overlay-opacity":"","overlay-gradient":""}},"ast-content-background-meta":{"desktop":{"background-color":"var(--ast-global-color-5)","background-image":"","background-repeat":"repeat","background-position":"center center","background-size":"auto","background-attachment":"scroll","background-type":"","background-media":"","overlay-type":"","overlay-color":"","overlay-opacity":"","overlay-gradient":""},"tablet":{"background-color":"var(--ast-global-color-5)","background-image":"","background-repeat":"repeat","background-position":"center center","background-size":"auto","background-attachment":"scroll","background-type":"","background-media":"","overlay-type":"","overlay-color":"","overlay-opacity":"","overlay-gradient":""},"mobile":{"background-color":"var(--ast-global-color-5)","background-image":"","background-repeat":"repeat","background-position":"center center","background-size":"auto","background-attachment":"scroll","background-type":"","background-media":"","overlay-type":"","overlay-color":"","overlay-opacity":"","overlay-gradient":""}},"footnotes":""},"class_list":["post-3558","page","type-page","status-publish","hentry"],"aioseo_notices":[],"_links":{"self":[{"href":"https:\/\/ilusaosk8.com.br\/index.php\/wp-json\/wp\/v2\/pages\/3558","targetHints":{"allow":["GET"]}}],"collection":[{"href":"https:\/\/ilusaosk8.com.br\/index.php\/wp-json\/wp\/v2\/pages"}],"about":[{"href":"https:\/\/ilusaosk8.com.br\/index.php\/wp-json\/wp\/v2\/types\/page"}],"author":[{"embeddable":true,"href":"https:\/\/ilusaosk8.com.br\/index.php\/wp-json\/wp\/v2\/users\/1"}],"replies":[{"embeddable":true,"href":"https:\/\/ilusaosk8.com.br\/index.php\/wp-json\/wp\/v2\/comments?post=3558"}],"version-history":[{"count":23,"href":"https:\/\/ilusaosk8.com.br\/index.php\/wp-json\/wp\/v2\/pages\/3558\/revisions"}],"predecessor-version":[{"id":4238,"href":"https:\/\/ilusaosk8.com.br\/index.php\/wp-json\/wp\/v2\/pages\/3558\/revisions\/4238"}],"wp:attachment":[{"href":"https:\/\/ilusaosk8.com.br\/index.php\/wp-json\/wp\/v2\/media?parent=3558"}],"curies":[{"name":"wp","href":"https:\/\/api.w.org\/{rel}","templated":true}]}}