



{"id":3125,"date":"2024-06-03T20:42:56","date_gmt":"2024-06-03T23:42:56","guid":{"rendered":"https:\/\/ilusaosk8.com.br\/?post_type=product&#038;p=3125"},"modified":"2025-09-16T12:33:30","modified_gmt":"2025-09-16T15:33:30","slug":"bone-five-panel-tag-logo-ilusao-amarelo","status":"publish","type":"product","link":"https:\/\/ilusaosk8.com.br\/index.php\/produto\/bone-five-panel-tag-logo-ilusao-amarelo\/","title":{"rendered":"Bon\u00e9 Five Panel Tag Logo Ilus\u00e3o Amarelo"},"content":{"rendered":"\t\t<div data-elementor-type=\"wp-post\" data-elementor-id=\"3125\" class=\"elementor elementor-3125\" data-elementor-post-type=\"product\">\n\t\t\t\t\t\t<section class=\"elementor-section elementor-top-section elementor-element elementor-element-19c6f489 elementor-section-boxed elementor-section-height-default elementor-section-height-default\" data-id=\"19c6f489\" data-element_type=\"section\" data-e-type=\"section\">\n\t\t\t\t\t\t<div class=\"elementor-container elementor-column-gap-default\">\n\t\t\t\t\t<div class=\"elementor-column elementor-col-100 elementor-top-column elementor-element elementor-element-4cf1d104\" data-id=\"4cf1d104\" data-element_type=\"column\" data-e-type=\"column\">\n\t\t\t<div class=\"elementor-widget-wrap elementor-element-populated\">\n\t\t\t\t\t\t<div class=\"elementor-element elementor-element-65b230e7 elementor-widget elementor-widget-text-editor\" data-id=\"65b230e7\" data-element_type=\"widget\" data-e-type=\"widget\" data-widget_type=\"text-editor.default\">\n\t\t\t\t<div class=\"elementor-widget-container\">\n\t\t\t\t\t\t\t\t\t<p>Bon\u00e9 FivE PaneL ILUS\u00e3O produzidos em parceria com os melhores profissionais do seguimento.<\/p><p>Super confort\u00e1vel com design aut\u00eantico e moderno, pra voc\u00ea que procura um estilo diferenciado. Estilo street ideal para todos os rol\u00eas, modelo unissex, tecido microfibra 100% poli\u00e9ster, aba reta, silk frontal relevo m\u00e9dio, etiqueta personalizada e regulador tic tac.<\/p><p>Garantia contra defeito de fabrica\u00e7\u00e3o.<\/p>\t\t\t\t\t\t\t\t<\/div>\n\t\t\t\t<\/div>\n\t\t\t\t\t<\/div>\n\t\t<\/div>\n\t\t\t\t\t<\/div>\n\t\t<\/section>\n\t\t\t\t<\/div>\n\t\t","protected":false},"excerpt":{"rendered":"<p>Bon\u00e9 FivE PaneL ILUS\u00e3O produzidos em parceria com os melhores profissionais do seguimento. Super confort\u00e1vel com design aut\u00eantico e moderno, pra voc\u00ea que procura um estilo diferenciado. Estilo street ideal para todos os rol\u00eas, modelo unissex, tecido microfibra 100% poli\u00e9ster, aba reta, silk frontal relevo m\u00e9dio, etiqueta personalizada e regulador tic tac. Garantia contra defeito [&hellip;]<\/p>\n","protected":false},"featured_media":3127,"comment_status":"open","ping_status":"closed","template":"","meta":{"om_disable_all_campaigns":false,"_monsterinsights_skip_tracking":false,"_monsterinsights_sitenote_active":false,"_monsterinsights_sitenote_note":"","_monsterinsights_sitenote_category":0,"site-sidebar-layout":"default","site-content-layout":"","ast-site-content-layout":"default","site-content-style":"default","site-sidebar-style":"default","ast-global-header-display":"","ast-banner-title-visibility":"","ast-main-header-display":"","ast-hfb-above-header-display":"","ast-hfb-below-header-display":"","ast-hfb-mobile-header-display":"","site-post-title":"","ast-breadcrumbs-content":"","ast-featured-img":"","footer-sml-layout":"","ast-disable-related-posts":"","theme-transparent-header-meta":"default","adv-header-id-meta":"","stick-header-meta":"","header-above-stick-meta":"","header-main-stick-meta":"","header-below-stick-meta":"","astra-migrate-meta-layouts":"set","ast-page-background-enabled":"default","ast-page-background-meta":{"desktop":{"background-color":"","background-image":"","background-repeat":"repeat","background-position":"center center","background-size":"auto","background-attachment":"scroll","background-type":"","background-media":"","overlay-type":"","overlay-color":"","overlay-opacity":"","overlay-gradient":""},"tablet":{"background-color":"","background-image":"","background-repeat":"repeat","background-position":"center center","background-size":"auto","background-attachment":"scroll","background-type":"","background-media":"","overlay-type":"","overlay-color":"","overlay-opacity":"","overlay-gradient":""},"mobile":{"background-color":"","background-image":"","background-repeat":"repeat","background-position":"center center","background-size":"auto","background-attachment":"scroll","background-type":"","background-media":"","overlay-type":"","overlay-color":"","overlay-opacity":"","overlay-gradient":""}},"ast-content-background-meta":{"desktop":{"background-color":"var(--ast-global-color-5)","background-image":"","background-repeat":"repeat","background-position":"center center","background-size":"auto","background-attachment":"scroll","background-type":"","background-media":"","overlay-type":"","overlay-color":"","overlay-opacity":"","overlay-gradient":""},"tablet":{"background-color":"var(--ast-global-color-5)","background-image":"","background-repeat":"repeat","background-position":"center center","background-size":"auto","background-attachment":"scroll","background-type":"","background-media":"","overlay-type":"","overlay-color":"","overlay-opacity":"","overlay-gradient":""},"mobile":{"background-color":"var(--ast-global-color-5)","background-image":"","background-repeat":"repeat","background-position":"center center","background-size":"auto","background-attachment":"scroll","background-type":"","background-media":"","overlay-type":"","overlay-color":"","overlay-opacity":"","overlay-gradient":""}}},"product_brand":[],"product_cat":[67],"product_tag":[80,68,77,78],"class_list":{"0":"post-3125","1":"product","2":"type-product","3":"status-publish","4":"has-post-thumbnail","6":"product_cat-bones","7":"product_tag-amarelo","8":"product_tag-bone","9":"product_tag-logo","10":"product_tag-tag","11":"desktop-align-left","12":"tablet-align-left","13":"mobile-align-left","15":"first","16":"instock","17":"featured","18":"taxable","19":"shipping-taxable","20":"purchasable","21":"product-type-simple"},"aioseo_notices":[],"_links":{"self":[{"href":"https:\/\/ilusaosk8.com.br\/index.php\/wp-json\/wp\/v2\/product\/3125","targetHints":{"allow":["GET"]}}],"collection":[{"href":"https:\/\/ilusaosk8.com.br\/index.php\/wp-json\/wp\/v2\/product"}],"about":[{"href":"https:\/\/ilusaosk8.com.br\/index.php\/wp-json\/wp\/v2\/types\/product"}],"replies":[{"embeddable":true,"href":"https:\/\/ilusaosk8.com.br\/index.php\/wp-json\/wp\/v2\/comments?post=3125"}],"version-history":[{"count":7,"href":"https:\/\/ilusaosk8.com.br\/index.php\/wp-json\/wp\/v2\/product\/3125\/revisions"}],"predecessor-version":[{"id":4373,"href":"https:\/\/ilusaosk8.com.br\/index.php\/wp-json\/wp\/v2\/product\/3125\/revisions\/4373"}],"wp:featuredmedia":[{"embeddable":true,"href":"https:\/\/ilusaosk8.com.br\/index.php\/wp-json\/wp\/v2\/media\/3127"}],"wp:attachment":[{"href":"https:\/\/ilusaosk8.com.br\/index.php\/wp-json\/wp\/v2\/media?parent=3125"}],"wp:term":[{"taxonomy":"product_brand","embeddable":true,"href":"https:\/\/ilusaosk8.com.br\/index.php\/wp-json\/wp\/v2\/product_brand?post=3125"},{"taxonomy":"product_cat","embeddable":true,"href":"https:\/\/ilusaosk8.com.br\/index.php\/wp-json\/wp\/v2\/product_cat?post=3125"},{"taxonomy":"product_tag","embeddable":true,"href":"https:\/\/ilusaosk8.com.br\/index.php\/wp-json\/wp\/v2\/product_tag?post=3125"}],"curies":[{"name":"wp","href":"https:\/\/api.w.org\/{rel}","templated":true}]}}