



{"id":4661,"date":"2024-10-07T19:32:26","date_gmt":"2024-10-07T22:32:26","guid":{"rendered":"https:\/\/ilusaosk8.com.br\/?post_type=product&#038;p=4661"},"modified":"2025-10-07T21:26:47","modified_gmt":"2025-10-08T00:26:47","slug":"modelo-basica-tag-2018-vermelha","status":"publish","type":"product","link":"https:\/\/ilusaosk8.com.br\/index.php\/produto\/modelo-basica-tag-2018-vermelha\/","title":{"rendered":"Modelo B\u00e1sica Tag 2018 Vermelha"},"content":{"rendered":"<p>CAMISETA malha penteada premium 100% Algod\u00e3o, tecido leve e flex\u00edvel, extremamente confort\u00e1vel, gola canelada com costuras refor\u00e7adas de ombro a ombro, estampa na frente em serigrafia, tinta biodegrad\u00e1vel. Etiqueta na barra das costas de alta defini\u00e7\u00e3o em tafet\u00e1 bordado preciso. Ideal para sess\u00f5es de skate, rol\u00ea e at\u00e9 mesmo para ir pro trabalho!<\/p>\n","protected":false},"excerpt":{"rendered":"<p>CAMISETA malha penteada premium 100% Algod\u00e3o, tecido leve e flex\u00edvel, extremamente confort\u00e1vel, gola canelada com costuras refor\u00e7adas de ombro a ombro, estampa na frente em serigrafia, tinta biodegrad\u00e1vel. Etiqueta na barra das costas de alta defini\u00e7\u00e3o em tafet\u00e1 bordado preciso. Ideal para sess\u00f5es de skate, rol\u00ea e at\u00e9 mesmo para ir pro trabalho!<\/p>\n","protected":false},"featured_media":4839,"comment_status":"open","ping_status":"closed","template":"","meta":{"om_disable_all_campaigns":false,"_monsterinsights_skip_tracking":false,"_monsterinsights_sitenote_active":false,"_monsterinsights_sitenote_note":"","_monsterinsights_sitenote_category":0,"site-sidebar-layout":"default","site-content-layout":"","ast-site-content-layout":"default","site-content-style":"default","site-sidebar-style":"default","ast-global-header-display":"","ast-banner-title-visibility":"","ast-main-header-display":"","ast-hfb-above-header-display":"","ast-hfb-below-header-display":"","ast-hfb-mobile-header-display":"","site-post-title":"","ast-breadcrumbs-content":"","ast-featured-img":"","footer-sml-layout":"","ast-disable-related-posts":"","theme-transparent-header-meta":"default","adv-header-id-meta":"","stick-header-meta":"","header-above-stick-meta":"","header-main-stick-meta":"","header-below-stick-meta":"","astra-migrate-meta-layouts":"set","ast-page-background-enabled":"default","ast-page-background-meta":{"desktop":{"background-color":"","background-image":"","background-repeat":"repeat","background-position":"center center","background-size":"auto","background-attachment":"scroll","background-type":"","background-media":"","overlay-type":"","overlay-color":"","overlay-opacity":"","overlay-gradient":""},"tablet":{"background-color":"","background-image":"","background-repeat":"repeat","background-position":"center center","background-size":"auto","background-attachment":"scroll","background-type":"","background-media":"","overlay-type":"","overlay-color":"","overlay-opacity":"","overlay-gradient":""},"mobile":{"background-color":"","background-image":"","background-repeat":"repeat","background-position":"center center","background-size":"auto","background-attachment":"scroll","background-type":"","background-media":"","overlay-type":"","overlay-color":"","overlay-opacity":"","overlay-gradient":""}},"ast-content-background-meta":{"desktop":{"background-color":"var(--ast-global-color-5)","background-image":"","background-repeat":"repeat","background-position":"center center","background-size":"auto","background-attachment":"scroll","background-type":"","background-media":"","overlay-type":"","overlay-color":"","overlay-opacity":"","overlay-gradient":""},"tablet":{"background-color":"var(--ast-global-color-5)","background-image":"","background-repeat":"repeat","background-position":"center center","background-size":"auto","background-attachment":"scroll","background-type":"","background-media":"","overlay-type":"","overlay-color":"","overlay-opacity":"","overlay-gradient":""},"mobile":{"background-color":"var(--ast-global-color-5)","background-image":"","background-repeat":"repeat","background-position":"center center","background-size":"auto","background-attachment":"scroll","background-type":"","background-media":"","overlay-type":"","overlay-color":"","overlay-opacity":"","overlay-gradient":""}}},"product_brand":[],"product_cat":[100,99],"product_tag":[102,78,105],"class_list":{"0":"post-4661","1":"product","2":"type-product","3":"status-publish","4":"has-post-thumbnail","6":"product_cat-camiseta-masculina","7":"product_cat-masculino","8":"product_tag-camiseta","9":"product_tag-tag","10":"product_tag-vermelha","11":"desktop-align-left","12":"tablet-align-left","13":"mobile-align-left","15":"first","16":"instock","17":"taxable","18":"shipping-taxable","19":"purchasable","20":"product-type-variable"},"aioseo_notices":[],"_links":{"self":[{"href":"https:\/\/ilusaosk8.com.br\/index.php\/wp-json\/wp\/v2\/product\/4661","targetHints":{"allow":["GET"]}}],"collection":[{"href":"https:\/\/ilusaosk8.com.br\/index.php\/wp-json\/wp\/v2\/product"}],"about":[{"href":"https:\/\/ilusaosk8.com.br\/index.php\/wp-json\/wp\/v2\/types\/product"}],"replies":[{"embeddable":true,"href":"https:\/\/ilusaosk8.com.br\/index.php\/wp-json\/wp\/v2\/comments?post=4661"}],"version-history":[{"count":2,"href":"https:\/\/ilusaosk8.com.br\/index.php\/wp-json\/wp\/v2\/product\/4661\/revisions"}],"predecessor-version":[{"id":5072,"href":"https:\/\/ilusaosk8.com.br\/index.php\/wp-json\/wp\/v2\/product\/4661\/revisions\/5072"}],"wp:featuredmedia":[{"embeddable":true,"href":"https:\/\/ilusaosk8.com.br\/index.php\/wp-json\/wp\/v2\/media\/4839"}],"wp:attachment":[{"href":"https:\/\/ilusaosk8.com.br\/index.php\/wp-json\/wp\/v2\/media?parent=4661"}],"wp:term":[{"taxonomy":"product_brand","embeddable":true,"href":"https:\/\/ilusaosk8.com.br\/index.php\/wp-json\/wp\/v2\/product_brand?post=4661"},{"taxonomy":"product_cat","embeddable":true,"href":"https:\/\/ilusaosk8.com.br\/index.php\/wp-json\/wp\/v2\/product_cat?post=4661"},{"taxonomy":"product_tag","embeddable":true,"href":"https:\/\/ilusaosk8.com.br\/index.php\/wp-json\/wp\/v2\/product_tag?post=4661"}],"curies":[{"name":"wp","href":"https:\/\/api.w.org\/{rel}","templated":true}]}}