



{"id":5131,"date":"2025-07-27T19:37:57","date_gmt":"2025-07-27T22:37:57","guid":{"rendered":"https:\/\/ilusaosk8.com.br\/?post_type=product&#038;p=5131"},"modified":"2025-09-16T12:33:08","modified_gmt":"2025-09-16T15:33:08","slug":"moletom-canguru-ilusao-connection-cinza-mescla","status":"publish","type":"product","link":"https:\/\/ilusaosk8.com.br\/index.php\/produto\/moletom-canguru-ilusao-connection-cinza-mescla\/","title":{"rendered":"Moletom canguru Ilus\u00e3o Connection Cinza mescla"},"content":{"rendered":"<p>Pra voc\u00ea parar o baile, moletom felpado em modelagem regular, silk frontal e nas costas, capuz com cord\u00e3o embutido, bolso canguru, barra e punhos em ribana 2\u00d71, costuras refor\u00e7adas e etiquetas personalizadas.<br \/>\nGarantia contra defeito de fabrica\u00e7\u00e3o.<\/p>\n","protected":false},"excerpt":{"rendered":"<p>Pra voc\u00ea parar o baile, moletom felpado em modelagem regular, silk frontal e nas costas, capuz com cord\u00e3o embutido, bolso canguru, barra e punhos em ribana 2\u00d71, costuras refor\u00e7adas e etiquetas personalizadas.<br \/>\nGarantia contra defeito de fabrica\u00e7\u00e3o.<\/p>\n","protected":false},"featured_media":5140,"comment_status":"open","ping_status":"closed","template":"","meta":{"om_disable_all_campaigns":false,"_monsterinsights_skip_tracking":false,"_monsterinsights_sitenote_active":false,"_monsterinsights_sitenote_note":"","_monsterinsights_sitenote_category":0,"site-sidebar-layout":"default","site-content-layout":"","ast-site-content-layout":"default","site-content-style":"default","site-sidebar-style":"default","ast-global-header-display":"","ast-banner-title-visibility":"","ast-main-header-display":"","ast-hfb-above-header-display":"","ast-hfb-below-header-display":"","ast-hfb-mobile-header-display":"","site-post-title":"","ast-breadcrumbs-content":"","ast-featured-img":"","footer-sml-layout":"","ast-disable-related-posts":"","theme-transparent-header-meta":"default","adv-header-id-meta":"","stick-header-meta":"","header-above-stick-meta":"","header-main-stick-meta":"","header-below-stick-meta":"","astra-migrate-meta-layouts":"set","ast-page-background-enabled":"default","ast-page-background-meta":{"desktop":{"background-color":"","background-image":"","background-repeat":"repeat","background-position":"center center","background-size":"auto","background-attachment":"scroll","background-type":"","background-media":"","overlay-type":"","overlay-color":"","overlay-opacity":"","overlay-gradient":""},"tablet":{"background-color":"","background-image":"","background-repeat":"repeat","background-position":"center center","background-size":"auto","background-attachment":"scroll","background-type":"","background-media":"","overlay-type":"","overlay-color":"","overlay-opacity":"","overlay-gradient":""},"mobile":{"background-color":"","background-image":"","background-repeat":"repeat","background-position":"center center","background-size":"auto","background-attachment":"scroll","background-type":"","background-media":"","overlay-type":"","overlay-color":"","overlay-opacity":"","overlay-gradient":""}},"ast-content-background-meta":{"desktop":{"background-color":"var(--ast-global-color-5)","background-image":"","background-repeat":"repeat","background-position":"center center","background-size":"auto","background-attachment":"scroll","background-type":"","background-media":"","overlay-type":"","overlay-color":"","overlay-opacity":"","overlay-gradient":""},"tablet":{"background-color":"var(--ast-global-color-5)","background-image":"","background-repeat":"repeat","background-position":"center center","background-size":"auto","background-attachment":"scroll","background-type":"","background-media":"","overlay-type":"","overlay-color":"","overlay-opacity":"","overlay-gradient":""},"mobile":{"background-color":"var(--ast-global-color-5)","background-image":"","background-repeat":"repeat","background-position":"center center","background-size":"auto","background-attachment":"scroll","background-type":"","background-media":"","overlay-type":"","overlay-color":"","overlay-opacity":"","overlay-gradient":""}}},"product_brand":[],"product_cat":[124],"product_tag":[],"class_list":{"0":"post-5131","1":"product","2":"type-product","3":"status-publish","4":"has-post-thumbnail","6":"product_cat-moletons","7":"desktop-align-left","8":"tablet-align-left","9":"mobile-align-left","11":"first","12":"instock","13":"featured","14":"taxable","15":"shipping-taxable","16":"purchasable","17":"product-type-variable"},"aioseo_notices":[],"_links":{"self":[{"href":"https:\/\/ilusaosk8.com.br\/index.php\/wp-json\/wp\/v2\/product\/5131","targetHints":{"allow":["GET"]}}],"collection":[{"href":"https:\/\/ilusaosk8.com.br\/index.php\/wp-json\/wp\/v2\/product"}],"about":[{"href":"https:\/\/ilusaosk8.com.br\/index.php\/wp-json\/wp\/v2\/types\/product"}],"replies":[{"embeddable":true,"href":"https:\/\/ilusaosk8.com.br\/index.php\/wp-json\/wp\/v2\/comments?post=5131"}],"version-history":[{"count":2,"href":"https:\/\/ilusaosk8.com.br\/index.php\/wp-json\/wp\/v2\/product\/5131\/revisions"}],"predecessor-version":[{"id":5199,"href":"https:\/\/ilusaosk8.com.br\/index.php\/wp-json\/wp\/v2\/product\/5131\/revisions\/5199"}],"wp:featuredmedia":[{"embeddable":true,"href":"https:\/\/ilusaosk8.com.br\/index.php\/wp-json\/wp\/v2\/media\/5140"}],"wp:attachment":[{"href":"https:\/\/ilusaosk8.com.br\/index.php\/wp-json\/wp\/v2\/media?parent=5131"}],"wp:term":[{"taxonomy":"product_brand","embeddable":true,"href":"https:\/\/ilusaosk8.com.br\/index.php\/wp-json\/wp\/v2\/product_brand?post=5131"},{"taxonomy":"product_cat","embeddable":true,"href":"https:\/\/ilusaosk8.com.br\/index.php\/wp-json\/wp\/v2\/product_cat?post=5131"},{"taxonomy":"product_tag","embeddable":true,"href":"https:\/\/ilusaosk8.com.br\/index.php\/wp-json\/wp\/v2\/product_tag?post=5131"}],"curies":[{"name":"wp","href":"https:\/\/api.w.org\/{rel}","templated":true}]}}